{"id":7602,"date":"2022-02-02T21:38:09","date_gmt":"2022-02-02T21:38:09","guid":{"rendered":"https:\/\/thecleankilo.co.uk\/bournvillestore\/product\/columbian-decaf-coffee-hundred-house-per-200g\/"},"modified":"2025-11-10T14:38:15","modified_gmt":"2025-11-10T14:38:15","slug":"columbian-decaf-coffee-hundred-house-per-200g","status":"publish","type":"product","link":"https:\/\/thecleankilo.co.uk\/bournvillestore\/product\/columbian-decaf-coffee-hundred-house-per-200g\/","title":{"rendered":"Columbian Decaf Coffee &#8211; Hundred House (per 200g)"},"content":{"rendered":"<p>Please add in notes if you need us to grind your coffee.  Flavour notes &#8211; Honey, peanut brittle and candied pecan.  This offering comes from seven producers that reside in the Columbian municipality of Pitalito, Huila [Flor Maria Betancourt &#8211; Finca Catalu\u00f1a &#8211; 1550 masl; Sebastian Dias Salamanca &#8211; Finca Catalu\u00f1a &#8211; 1550 masl; Brandon Stiven Dias &#8211; Finca Catalu\u00f1a &#8211; 1550 masl; Pedro Pablo Delgado &#8211; Finca Las Cejas &#8211; 1500 masl; Jairo Qui\u00f1ones &#8211; Finca Nueva Zelanda &#8211; 1800 masl;Lucio Delgado &#8211; Finca Los Arboles &#8211; 1750 masl; Arsenjo Mu\u00f1oz &#8211; Finca Buena Vista &#8211; 1750 masl]<\/p>\n","protected":false},"excerpt":{"rendered":"<p>Please add in notes if you need us to grind your coffee. Flavour notes &#8211; Honey, peanut brittle and candied pecan. This offering comes from seven producers that reside in [&hellip;]<\/p>\n","protected":false},"featured_media":7603,"comment_status":"closed","ping_status":"closed","template":"","meta":[],"product_brand":[],"product_cat":[179,158],"product_tag":[],"class_list":{"0":"post-7602","1":"product","2":"type-product","3":"status-publish","4":"has-post-thumbnail","6":"product_cat-coffee","7":"product_cat-tea-and-coffee","8":"product_shipping_class-collect-only","9":"pa_delivery-type-click-collect","10":"pa_delivery-type-local-delivery","11":"shop-item","12":"isotope-item","14":"first","15":"instock","16":"shipping-taxable","17":"purchasable","18":"product-type-variable"},"bundled_by":[],"bundle_stock_status":"instock","bundle_stock_quantity":null,"bundle_virtual":false,"bundle_layout":"","bundle_add_to_cart_form_location":"","bundle_editable_in_cart":false,"bundle_sold_individually_context":"","bundle_item_grouping":"","bundle_min_size":"","bundle_max_size":"","bundled_items":[],"bundle_sell_ids":[],"aioseo_notices":[],"jetpack_sharing_enabled":true,"_links":{"self":[{"href":"https:\/\/thecleankilo.co.uk\/bournvillestore\/wp-json\/wp\/v2\/product\/7602","targetHints":{"allow":["GET"]}}],"collection":[{"href":"https:\/\/thecleankilo.co.uk\/bournvillestore\/wp-json\/wp\/v2\/product"}],"about":[{"href":"https:\/\/thecleankilo.co.uk\/bournvillestore\/wp-json\/wp\/v2\/types\/product"}],"replies":[{"embeddable":true,"href":"https:\/\/thecleankilo.co.uk\/bournvillestore\/wp-json\/wp\/v2\/comments?post=7602"}],"wp:featuredmedia":[{"embeddable":true,"href":"https:\/\/thecleankilo.co.uk\/bournvillestore\/wp-json\/wp\/v2\/media\/7603"}],"wp:attachment":[{"href":"https:\/\/thecleankilo.co.uk\/bournvillestore\/wp-json\/wp\/v2\/media?parent=7602"}],"wp:term":[{"taxonomy":"product_brand","embeddable":true,"href":"https:\/\/thecleankilo.co.uk\/bournvillestore\/wp-json\/wp\/v2\/product_brand?post=7602"},{"taxonomy":"product_cat","embeddable":true,"href":"https:\/\/thecleankilo.co.uk\/bournvillestore\/wp-json\/wp\/v2\/product_cat?post=7602"},{"taxonomy":"product_tag","embeddable":true,"href":"https:\/\/thecleankilo.co.uk\/bournvillestore\/wp-json\/wp\/v2\/product_tag?post=7602"}],"curies":[{"name":"wp","href":"https:\/\/api.w.org\/{rel}","templated":true}]}}